{"id":11,"date":"2022-10-18T13:30:55","date_gmt":"2022-10-18T13:30:55","guid":{"rendered":"https:\/\/www.contactsolutions.es\/blog\/?page_id=11"},"modified":"2025-12-16T08:18:42","modified_gmt":"2025-12-16T08:18:42","slug":"elementor-11","status":"publish","type":"page","link":"https:\/\/www.contactsolutions.es\/blog\/","title":{"rendered":"Inicio"},"content":{"rendered":"\t\t<div data-elementor-type=\"wp-page\" data-elementor-id=\"11\" class=\"elementor elementor-11\" data-elementor-post-type=\"page\">\n\t\t\t\t\t\t<section class=\"elementor-section elementor-top-section elementor-element elementor-element-51fb768 elementor-section-boxed elementor-section-height-default elementor-section-height-default\" data-id=\"51fb768\" data-element_type=\"section\" data-e-type=\"section\">\n\t\t\t\t\t\t<div class=\"elementor-container elementor-column-gap-default\">\n\t\t\t\t\t<div class=\"elementor-column elementor-col-100 elementor-top-column elementor-element elementor-element-6c34197\" data-id=\"6c34197\" data-element_type=\"column\" data-e-type=\"column\">\n\t\t\t<div class=\"elementor-widget-wrap elementor-element-populated\">\n\t\t\t\t\t\t<div class=\"elementor-element elementor-element-5d657fb elementor-widget elementor-widget-heading\" data-id=\"5d657fb\" data-element_type=\"widget\" data-e-type=\"widget\" data-widget_type=\"heading.default\">\n\t\t\t\t<div class=\"elementor-widget-container\">\n\t\t\t\t\t<h1 class=\"elementor-heading-title elementor-size-default\">El Blog del Contact Center<\/h1>\t\t\t\t<\/div>\n\t\t\t\t<\/div>\n\t\t\t\t\t<\/div>\n\t\t<\/div>\n\t\t\t\t\t<\/div>\n\t\t<\/section>\n\t\t\t\t<section class=\"elementor-section elementor-top-section elementor-element elementor-element-eb030b1 elementor-section-height-min-height elementor-section-boxed elementor-section-height-default elementor-section-items-middle\" data-id=\"eb030b1\" data-element_type=\"section\" data-e-type=\"section\">\n\t\t\t\t\t\t<div class=\"elementor-container elementor-column-gap-default\">\n\t\t\t\t\t<div class=\"elementor-column elementor-col-100 elementor-top-column elementor-element elementor-element-2acdcee\" data-id=\"2acdcee\" data-element_type=\"column\" data-e-type=\"column\">\n\t\t\t<div class=\"elementor-widget-wrap elementor-element-populated\">\n\t\t\t\t\t\t<div class=\"elementor-element elementor-element-ba05f00 elementor-grid-3 elementor-grid-tablet-2 elementor-grid-mobile-1 elementor-posts--thumbnail-top elementor-card-shadow-yes elementor-posts__hover-gradient elementor-widget elementor-widget-posts\" data-id=\"ba05f00\" data-element_type=\"widget\" data-e-type=\"widget\" data-settings=\"{&quot;cards_masonry&quot;:&quot;yes&quot;,&quot;pagination_type&quot;:&quot;load_more_infinite_scroll&quot;,&quot;cards_columns&quot;:&quot;3&quot;,&quot;cards_columns_tablet&quot;:&quot;2&quot;,&quot;cards_columns_mobile&quot;:&quot;1&quot;,&quot;cards_row_gap&quot;:{&quot;unit&quot;:&quot;px&quot;,&quot;size&quot;:35,&quot;sizes&quot;:[]},&quot;cards_row_gap_tablet&quot;:{&quot;unit&quot;:&quot;px&quot;,&quot;size&quot;:&quot;&quot;,&quot;sizes&quot;:[]},&quot;cards_row_gap_mobile&quot;:{&quot;unit&quot;:&quot;px&quot;,&quot;size&quot;:&quot;&quot;,&quot;sizes&quot;:[]},&quot;load_more_spinner&quot;:{&quot;value&quot;:&quot;fas fa-spinner&quot;,&quot;library&quot;:&quot;fa-solid&quot;}}\" data-widget_type=\"posts.cards\">\n\t\t\t\t<div class=\"elementor-widget-container\">\n\t\t\t\t\t\t\t<div class=\"elementor-posts-container elementor-posts elementor-posts--skin-cards elementor-grid\" role=\"list\">\n\t\t\t\t<article class=\"elementor-post elementor-grid-item post-768 post type-post status-publish format-standard has-post-thumbnail hentry category-noticias category-servicios tag-atencion-al-cliente tag-mejorar-la-atencion-al-cliente tag-ventajas-de-una-buena-atencion-al-cliente\" role=\"listitem\">\n\t\t\t<div class=\"elementor-post__card\">\n\t\t\t\t<a class=\"elementor-post__thumbnail__link\" href=\"https:\/\/www.contactsolutions.es\/blog\/que-servicios-avanzados-ofrece-contact-solutions-para-mejorar-la-atencion-al-cliente\/\" tabindex=\"-1\" ><div class=\"elementor-post__thumbnail\"><img decoding=\"async\" width=\"300\" height=\"157\" src=\"https:\/\/www.contactsolutions.es\/blog\/wp-content\/uploads\/2026\/04\/servicios-avanzados-contact-solutions-mejorar-atencion-cliente-300x157.jpg\" class=\"attachment-medium size-medium wp-image-772\" alt=\"\u00bfQu\u00e9 servicios avanzados ofrece Contact Solutions para mejorar la atenci\u00f3n al cliente?\" srcset=\"https:\/\/www.contactsolutions.es\/blog\/wp-content\/uploads\/2026\/04\/servicios-avanzados-contact-solutions-mejorar-atencion-cliente-300x157.jpg 300w, https:\/\/www.contactsolutions.es\/blog\/wp-content\/uploads\/2026\/04\/servicios-avanzados-contact-solutions-mejorar-atencion-cliente-1024x535.jpg 1024w, https:\/\/www.contactsolutions.es\/blog\/wp-content\/uploads\/2026\/04\/servicios-avanzados-contact-solutions-mejorar-atencion-cliente-768x401.jpg 768w, https:\/\/www.contactsolutions.es\/blog\/wp-content\/uploads\/2026\/04\/servicios-avanzados-contact-solutions-mejorar-atencion-cliente.jpg 1200w\" sizes=\"(max-width: 300px) 100vw, 300px\" \/><\/div><\/a>\n\t\t\t\t<div class=\"elementor-post__badge\">Noticias<\/div>\n\t\t\t\t<div class=\"elementor-post__text\">\n\t\t\t\t<h2 class=\"elementor-post__title\">\n\t\t\t<a href=\"https:\/\/www.contactsolutions.es\/blog\/que-servicios-avanzados-ofrece-contact-solutions-para-mejorar-la-atencion-al-cliente\/\" >\n\t\t\t\t\u00bfQu\u00e9 servicios avanzados ofrece Contact Solutions para mejorar la atenci\u00f3n al cliente?\t\t\t<\/a>\n\t\t<\/h2>\n\t\t\t\t<div class=\"elementor-post__excerpt\">\n\t\t\t<p>Muchas personas desconocen a\u00fan qu\u00e9 servicios avanzados ofrece Contact Solutions para mejorar la atenci\u00f3n al cliente de su empresa o comercio. Tampoco saben la relaci\u00f3n<\/p>\n\t\t<\/div>\n\t\t\n\t\t<a class=\"elementor-post__read-more\" href=\"https:\/\/www.contactsolutions.es\/blog\/que-servicios-avanzados-ofrece-contact-solutions-para-mejorar-la-atencion-al-cliente\/\" aria-label=\"M\u00e1s informaci\u00f3n sobre \u00bfQu\u00e9 servicios avanzados ofrece Contact Solutions para mejorar la atenci\u00f3n al cliente?\" tabindex=\"-1\" >\n\t\t\tLeer m\u00e1s \u00bb\t\t<\/a>\n\n\t\t\t\t<\/div>\n\t\t\t\t\t<\/div>\n\t\t<\/article>\n\t\t\t\t<article class=\"elementor-post elementor-grid-item post-759 post type-post status-publish format-standard has-post-thumbnail hentry category-servicios tag-beneficios-secretaria-virtual tag-gestion-de-citas tag-secretaria-virtual\" role=\"listitem\">\n\t\t\t<div class=\"elementor-post__card\">\n\t\t\t\t<a class=\"elementor-post__thumbnail__link\" href=\"https:\/\/www.contactsolutions.es\/blog\/como-funciona-una-secretaria-virtual-y-que-beneficios-aporta\/\" tabindex=\"-1\" ><div class=\"elementor-post__thumbnail\"><img decoding=\"async\" width=\"300\" height=\"157\" src=\"https:\/\/www.contactsolutions.es\/blog\/wp-content\/uploads\/2026\/03\/como-funciona-secretaria-virtual-beneficios-aporta-300x157.jpg\" class=\"attachment-medium size-medium wp-image-763\" alt=\"\u00bfC\u00f3mo funciona una secretar\u00eda virtual y qu\u00e9 beneficios aporta?\" srcset=\"https:\/\/www.contactsolutions.es\/blog\/wp-content\/uploads\/2026\/03\/como-funciona-secretaria-virtual-beneficios-aporta-300x157.jpg 300w, https:\/\/www.contactsolutions.es\/blog\/wp-content\/uploads\/2026\/03\/como-funciona-secretaria-virtual-beneficios-aporta-1024x535.jpg 1024w, https:\/\/www.contactsolutions.es\/blog\/wp-content\/uploads\/2026\/03\/como-funciona-secretaria-virtual-beneficios-aporta-768x401.jpg 768w, https:\/\/www.contactsolutions.es\/blog\/wp-content\/uploads\/2026\/03\/como-funciona-secretaria-virtual-beneficios-aporta.jpg 1200w\" sizes=\"(max-width: 300px) 100vw, 300px\" \/><\/div><\/a>\n\t\t\t\t<div class=\"elementor-post__badge\">Servicios<\/div>\n\t\t\t\t<div class=\"elementor-post__text\">\n\t\t\t\t<h2 class=\"elementor-post__title\">\n\t\t\t<a href=\"https:\/\/www.contactsolutions.es\/blog\/como-funciona-una-secretaria-virtual-y-que-beneficios-aporta\/\" >\n\t\t\t\t\u00bfC\u00f3mo funciona una secretar\u00eda virtual y qu\u00e9 beneficios aporta?\t\t\t<\/a>\n\t\t<\/h2>\n\t\t\t\t<div class=\"elementor-post__excerpt\">\n\t\t\t<p>\u00bfSabes c\u00f3mo funciona una secretar\u00eda virtual y qu\u00e9 beneficios aporta para tu empresa cuando dispone de ella? \u00bfCu\u00e1les son sus particularidades y c\u00f3mo puedes contratarla<\/p>\n\t\t<\/div>\n\t\t\n\t\t<a class=\"elementor-post__read-more\" href=\"https:\/\/www.contactsolutions.es\/blog\/como-funciona-una-secretaria-virtual-y-que-beneficios-aporta\/\" aria-label=\"M\u00e1s informaci\u00f3n sobre \u00bfC\u00f3mo funciona una secretar\u00eda virtual y qu\u00e9 beneficios aporta?\" tabindex=\"-1\" >\n\t\t\tLeer m\u00e1s \u00bb\t\t<\/a>\n\n\t\t\t\t<\/div>\n\t\t\t\t\t<\/div>\n\t\t<\/article>\n\t\t\t\t<article class=\"elementor-post elementor-grid-item post-748 post type-post status-publish format-standard has-post-thumbnail hentry category-articulos tag-contact-center-en-espana tag-contact-center-en-espanol-de-espana tag-contact-center-en-valencia tag-contact-center-nacional\" role=\"listitem\">\n\t\t\t<div class=\"elementor-post__card\">\n\t\t\t\t<a class=\"elementor-post__thumbnail__link\" href=\"https:\/\/www.contactsolutions.es\/blog\/por-que-elegir-un-servicio-nacional-de-contact-center-marca-la-diferencia\/\" tabindex=\"-1\" ><div class=\"elementor-post__thumbnail\"><img decoding=\"async\" width=\"300\" height=\"157\" src=\"https:\/\/www.contactsolutions.es\/blog\/wp-content\/uploads\/2026\/02\/por-que-elegir-servicio-nacional-contact-center-marca-diferencia-300x157.jpg\" class=\"attachment-medium size-medium wp-image-752\" alt=\"Por qu\u00e9 elegir un servicio nacional de contact center marca la diferencia\" srcset=\"https:\/\/www.contactsolutions.es\/blog\/wp-content\/uploads\/2026\/02\/por-que-elegir-servicio-nacional-contact-center-marca-diferencia-300x157.jpg 300w, https:\/\/www.contactsolutions.es\/blog\/wp-content\/uploads\/2026\/02\/por-que-elegir-servicio-nacional-contact-center-marca-diferencia-1024x535.jpg 1024w, https:\/\/www.contactsolutions.es\/blog\/wp-content\/uploads\/2026\/02\/por-que-elegir-servicio-nacional-contact-center-marca-diferencia-768x401.jpg 768w, https:\/\/www.contactsolutions.es\/blog\/wp-content\/uploads\/2026\/02\/por-que-elegir-servicio-nacional-contact-center-marca-diferencia.jpg 1200w\" sizes=\"(max-width: 300px) 100vw, 300px\" \/><\/div><\/a>\n\t\t\t\t<div class=\"elementor-post__badge\">Articulos<\/div>\n\t\t\t\t<div class=\"elementor-post__text\">\n\t\t\t\t<h2 class=\"elementor-post__title\">\n\t\t\t<a href=\"https:\/\/www.contactsolutions.es\/blog\/por-que-elegir-un-servicio-nacional-de-contact-center-marca-la-diferencia\/\" >\n\t\t\t\tPor qu\u00e9 elegir un servicio nacional de contact center marca la diferencia\t\t\t<\/a>\n\t\t<\/h2>\n\t\t\t\t<div class=\"elementor-post__excerpt\">\n\t\t\t<p>Hay muchas razones para elegir un servicio nacional de contact center, la principal es que marca la diferencia con la competencia. Y esto se traduce<\/p>\n\t\t<\/div>\n\t\t\n\t\t<a class=\"elementor-post__read-more\" href=\"https:\/\/www.contactsolutions.es\/blog\/por-que-elegir-un-servicio-nacional-de-contact-center-marca-la-diferencia\/\" aria-label=\"M\u00e1s informaci\u00f3n sobre Por qu\u00e9 elegir un servicio nacional de contact center marca la diferencia\" tabindex=\"-1\" >\n\t\t\tLeer m\u00e1s \u00bb\t\t<\/a>\n\n\t\t\t\t<\/div>\n\t\t\t\t\t<\/div>\n\t\t<\/article>\n\t\t\t\t<article class=\"elementor-post elementor-grid-item post-742 post type-post status-publish format-standard has-post-thumbnail hentry category-articulos tag-contact-center-llamadas tag-llamadas-entrangtes tag-llamadas-salientes\" role=\"listitem\">\n\t\t\t<div class=\"elementor-post__card\">\n\t\t\t\t<a class=\"elementor-post__thumbnail__link\" href=\"https:\/\/www.contactsolutions.es\/blog\/que-diferencia-hay-entre-llamadas-entrantes-y-salientes-en-un-contact-center\/\" tabindex=\"-1\" ><div class=\"elementor-post__thumbnail\"><img loading=\"lazy\" decoding=\"async\" width=\"300\" height=\"300\" src=\"https:\/\/www.contactsolutions.es\/blog\/wp-content\/uploads\/2023\/02\/Call-center-Contact-Solutions-300x300.jpg\" class=\"attachment-medium size-medium wp-image-288\" alt=\"\u00bfQu\u00e9 diferencia hay entre llamadas entrantes y salientes en un contact center?\" srcset=\"https:\/\/www.contactsolutions.es\/blog\/wp-content\/uploads\/2023\/02\/Call-center-Contact-Solutions-300x300.jpg 300w, https:\/\/www.contactsolutions.es\/blog\/wp-content\/uploads\/2023\/02\/Call-center-Contact-Solutions-150x150.jpg 150w, https:\/\/www.contactsolutions.es\/blog\/wp-content\/uploads\/2023\/02\/Call-center-Contact-Solutions.jpg 700w\" sizes=\"(max-width: 300px) 100vw, 300px\" \/><\/div><\/a>\n\t\t\t\t<div class=\"elementor-post__badge\">Articulos<\/div>\n\t\t\t\t<div class=\"elementor-post__text\">\n\t\t\t\t<h2 class=\"elementor-post__title\">\n\t\t\t<a href=\"https:\/\/www.contactsolutions.es\/blog\/que-diferencia-hay-entre-llamadas-entrantes-y-salientes-en-un-contact-center\/\" >\n\t\t\t\t\u00bfQu\u00e9 diferencia hay entre llamadas entrantes y salientes en un contact center?\t\t\t<\/a>\n\t\t<\/h2>\n\t\t\t\t<div class=\"elementor-post__excerpt\">\n\t\t\t<p>\u00bfConoces qu\u00e9 diferencia hay entre las llamadas entrantes y las salientes en un contact center? \u00bfPor qu\u00e9 es interesante combinar ambas en nuestro cat\u00e1logo de<\/p>\n\t\t<\/div>\n\t\t\n\t\t<a class=\"elementor-post__read-more\" href=\"https:\/\/www.contactsolutions.es\/blog\/que-diferencia-hay-entre-llamadas-entrantes-y-salientes-en-un-contact-center\/\" aria-label=\"M\u00e1s informaci\u00f3n sobre \u00bfQu\u00e9 diferencia hay entre llamadas entrantes y salientes en un contact center?\" tabindex=\"-1\" >\n\t\t\tLeer m\u00e1s \u00bb\t\t<\/a>\n\n\t\t\t\t<\/div>\n\t\t\t\t\t<\/div>\n\t\t<\/article>\n\t\t\t\t<article class=\"elementor-post elementor-grid-item post-725 post type-post status-publish format-standard has-post-thumbnail hentry category-articulos tag-call-center-navidad tag-call-center-y-negocios tag-contact-center-navidad\" role=\"listitem\">\n\t\t\t<div class=\"elementor-post__card\">\n\t\t\t\t<a class=\"elementor-post__thumbnail__link\" href=\"https:\/\/www.contactsolutions.es\/blog\/como-puedes-preparar-tu-contact-center-para-la-navidad-en-solo-10-pasos\/\" tabindex=\"-1\" ><div class=\"elementor-post__thumbnail\"><img loading=\"lazy\" decoding=\"async\" width=\"300\" height=\"300\" src=\"https:\/\/www.contactsolutions.es\/blog\/wp-content\/uploads\/2025\/12\/como-preparar-contact-center-navidad-en-10-pasos-300x300.jpg\" class=\"attachment-medium size-medium wp-image-739\" alt=\"\u00bfC\u00f3mo puedes preparar tu Contact Center para la Navidad en solo 10 pasos?\" srcset=\"https:\/\/www.contactsolutions.es\/blog\/wp-content\/uploads\/2025\/12\/como-preparar-contact-center-navidad-en-10-pasos-300x300.jpg 300w, https:\/\/www.contactsolutions.es\/blog\/wp-content\/uploads\/2025\/12\/como-preparar-contact-center-navidad-en-10-pasos-1024x1024.jpg 1024w, https:\/\/www.contactsolutions.es\/blog\/wp-content\/uploads\/2025\/12\/como-preparar-contact-center-navidad-en-10-pasos-150x150.jpg 150w, https:\/\/www.contactsolutions.es\/blog\/wp-content\/uploads\/2025\/12\/como-preparar-contact-center-navidad-en-10-pasos-768x768.jpg 768w, https:\/\/www.contactsolutions.es\/blog\/wp-content\/uploads\/2025\/12\/como-preparar-contact-center-navidad-en-10-pasos.jpg 1080w\" sizes=\"(max-width: 300px) 100vw, 300px\" \/><\/div><\/a>\n\t\t\t\t<div class=\"elementor-post__badge\">Articulos<\/div>\n\t\t\t\t<div class=\"elementor-post__text\">\n\t\t\t\t<h2 class=\"elementor-post__title\">\n\t\t\t<a href=\"https:\/\/www.contactsolutions.es\/blog\/como-puedes-preparar-tu-contact-center-para-la-navidad-en-solo-10-pasos\/\" >\n\t\t\t\t\u00bfC\u00f3mo puedes preparar tu Contact Center para la Navidad en solo 10 pasos?\t\t\t<\/a>\n\t\t<\/h2>\n\t\t\t\t<div class=\"elementor-post__excerpt\">\n\t\t\t<p>Si quieres preparar tu Contact Center para la Navidad y no sabes c\u00f3mo, lee este post pues en solo 10 pasos te ayudamos a conseguirlo.<\/p>\n\t\t<\/div>\n\t\t\n\t\t<a class=\"elementor-post__read-more\" href=\"https:\/\/www.contactsolutions.es\/blog\/como-puedes-preparar-tu-contact-center-para-la-navidad-en-solo-10-pasos\/\" aria-label=\"M\u00e1s informaci\u00f3n sobre \u00bfC\u00f3mo puedes preparar tu Contact Center para la Navidad en solo 10 pasos?\" tabindex=\"-1\" >\n\t\t\tLeer m\u00e1s \u00bb\t\t<\/a>\n\n\t\t\t\t<\/div>\n\t\t\t\t\t<\/div>\n\t\t<\/article>\n\t\t\t\t<article class=\"elementor-post elementor-grid-item post-718 post type-post status-publish format-standard has-post-thumbnail hentry category-articulos tag-call-center-organizar tag-que-es-un-call-center\" role=\"listitem\">\n\t\t\t<div class=\"elementor-post__card\">\n\t\t\t\t<a class=\"elementor-post__thumbnail__link\" href=\"https:\/\/www.contactsolutions.es\/blog\/como-se-organiza-un-call-center\/\" tabindex=\"-1\" ><div class=\"elementor-post__thumbnail\"><img loading=\"lazy\" decoding=\"async\" width=\"300\" height=\"300\" src=\"https:\/\/www.contactsolutions.es\/blog\/wp-content\/uploads\/2023\/07\/callcenter1-300x300.jpg\" class=\"attachment-medium size-medium wp-image-353\" alt=\"\" srcset=\"https:\/\/www.contactsolutions.es\/blog\/wp-content\/uploads\/2023\/07\/callcenter1-300x300.jpg 300w, https:\/\/www.contactsolutions.es\/blog\/wp-content\/uploads\/2023\/07\/callcenter1-1024x1024.jpg 1024w, https:\/\/www.contactsolutions.es\/blog\/wp-content\/uploads\/2023\/07\/callcenter1-150x150.jpg 150w, https:\/\/www.contactsolutions.es\/blog\/wp-content\/uploads\/2023\/07\/callcenter1-768x768.jpg 768w, https:\/\/www.contactsolutions.es\/blog\/wp-content\/uploads\/2023\/07\/callcenter1.jpg 1080w\" sizes=\"(max-width: 300px) 100vw, 300px\" \/><\/div><\/a>\n\t\t\t\t<div class=\"elementor-post__badge\">Articulos<\/div>\n\t\t\t\t<div class=\"elementor-post__text\">\n\t\t\t\t<h2 class=\"elementor-post__title\">\n\t\t\t<a href=\"https:\/\/www.contactsolutions.es\/blog\/como-se-organiza-un-call-center\/\" >\n\t\t\t\t\u00bfC\u00f3mo se organiza un call center?\t\t\t<\/a>\n\t\t<\/h2>\n\t\t\t\t<div class=\"elementor-post__excerpt\">\n\t\t\t<p>Saber sacar el m\u00e1ximo partido a un call center hay que saber c\u00f3mo se organiza, c\u00f3mo funciona y c\u00f3mo se puede gestionar de una manera<\/p>\n\t\t<\/div>\n\t\t\n\t\t<a class=\"elementor-post__read-more\" href=\"https:\/\/www.contactsolutions.es\/blog\/como-se-organiza-un-call-center\/\" aria-label=\"M\u00e1s informaci\u00f3n sobre \u00bfC\u00f3mo se organiza un call center?\" tabindex=\"-1\" >\n\t\t\tLeer m\u00e1s \u00bb\t\t<\/a>\n\n\t\t\t\t<\/div>\n\t\t\t\t\t<\/div>\n\t\t<\/article>\n\t\t\t\t<\/div>\n\t\t\t\t\t<span class=\"e-load-more-spinner\">\n\t\t\t\t<i aria-hidden=\"true\" class=\"fas fa-spinner\"><\/i>\t\t\t<\/span>\n\t\t\n\t\t\t\t<div class=\"e-load-more-anchor\" data-page=\"1\" data-max-page=\"13\" data-next-page=\"https:\/\/www.contactsolutions.es\/blog\/wp-json\/wp\/v2\/pages\/11\/page\/2\/\"><\/div>\n\t\t\t\t<div class=\"e-load-more-message\"><\/div>\n\t\t\t\t\t\t<\/div>\n\t\t\t\t<\/div>\n\t\t\t\t\t<\/div>\n\t\t<\/div>\n\t\t\t\t\t<\/div>\n\t\t<\/section>\n\t\t\t\t<\/div>\n\t\t","protected":false},"excerpt":{"rendered":"<p>El Blog del Contact Center<\/p>\n","protected":false},"author":1,"featured_media":0,"parent":0,"menu_order":0,"comment_status":"closed","ping_status":"closed","template":"elementor_header_footer","meta":{"footnotes":""},"class_list":["post-11","page","type-page","status-publish","hentry"],"yoast_head":"<!-- This site is optimized with the Yoast SEO plugin v27.5 - https:\/\/yoast.com\/product\/yoast-seo-wordpress\/ -->\n<title>Inicio - ContactSolutions - Call Center 24 Horas<\/title>\n<meta name=\"robots\" content=\"index, follow, max-snippet:-1, max-image-preview:large, max-video-preview:-1\" \/>\n<link rel=\"canonical\" href=\"https:\/\/www.contactsolutions.es\/blog\/\" \/>\n<meta property=\"og:locale\" content=\"es_ES\" \/>\n<meta property=\"og:type\" content=\"article\" \/>\n<meta property=\"og:title\" content=\"Inicio - ContactSolutions - Call Center 24 Horas\" \/>\n<meta property=\"og:description\" content=\"El Blog del Contact Center\" \/>\n<meta property=\"og:url\" content=\"https:\/\/www.contactsolutions.es\/blog\/\" \/>\n<meta property=\"og:site_name\" content=\"ContactSolutions - Call Center 24 Horas\" \/>\n<meta property=\"article:modified_time\" content=\"2025-12-16T08:18:42+00:00\" \/>\n<meta name=\"twitter:card\" content=\"summary_large_image\" \/>\n<meta name=\"twitter:label1\" content=\"Tiempo de lectura\" \/>\n\t<meta name=\"twitter:data1\" content=\"5 minutos\" \/>\n<script type=\"application\/ld+json\" class=\"yoast-schema-graph\">{\"@context\":\"https:\\\/\\\/schema.org\",\"@graph\":[{\"@type\":\"WebPage\",\"@id\":\"https:\\\/\\\/www.contactsolutions.es\\\/blog\\\/\",\"url\":\"https:\\\/\\\/www.contactsolutions.es\\\/blog\\\/\",\"name\":\"Inicio - ContactSolutions - Call Center 24 Horas\",\"isPartOf\":{\"@id\":\"https:\\\/\\\/www.contactsolutions.es\\\/blog\\\/#website\"},\"datePublished\":\"2022-10-18T13:30:55+00:00\",\"dateModified\":\"2025-12-16T08:18:42+00:00\",\"breadcrumb\":{\"@id\":\"https:\\\/\\\/www.contactsolutions.es\\\/blog\\\/#breadcrumb\"},\"inLanguage\":\"es\",\"potentialAction\":[{\"@type\":\"ReadAction\",\"target\":[\"https:\\\/\\\/www.contactsolutions.es\\\/blog\\\/\"]}]},{\"@type\":\"BreadcrumbList\",\"@id\":\"https:\\\/\\\/www.contactsolutions.es\\\/blog\\\/#breadcrumb\",\"itemListElement\":[{\"@type\":\"ListItem\",\"position\":1,\"name\":\"Portada\",\"item\":\"https:\\\/\\\/www.contactsolutions.es\\\/blog\\\/\"},{\"@type\":\"ListItem\",\"position\":2,\"name\":\"Inicio\"}]},{\"@type\":\"WebSite\",\"@id\":\"https:\\\/\\\/www.contactsolutions.es\\\/blog\\\/#website\",\"url\":\"https:\\\/\\\/www.contactsolutions.es\\\/blog\\\/\",\"name\":\"ContactSolutions - Call Center 24 Horas\",\"description\":\"Call Center 24 Horas L\u00edderes en Calidad de Servicio y Precio\",\"publisher\":{\"@id\":\"https:\\\/\\\/www.contactsolutions.es\\\/blog\\\/#organization\"},\"potentialAction\":[{\"@type\":\"SearchAction\",\"target\":{\"@type\":\"EntryPoint\",\"urlTemplate\":\"https:\\\/\\\/www.contactsolutions.es\\\/blog\\\/?s={search_term_string}\"},\"query-input\":{\"@type\":\"PropertyValueSpecification\",\"valueRequired\":true,\"valueName\":\"search_term_string\"}}],\"inLanguage\":\"es\"},{\"@type\":\"Organization\",\"@id\":\"https:\\\/\\\/www.contactsolutions.es\\\/blog\\\/#organization\",\"name\":\"ContactSolutions - Call Center 24 Horas\",\"url\":\"https:\\\/\\\/www.contactsolutions.es\\\/blog\\\/\",\"logo\":{\"@type\":\"ImageObject\",\"inLanguage\":\"es\",\"@id\":\"https:\\\/\\\/www.contactsolutions.es\\\/blog\\\/#\\\/schema\\\/logo\\\/image\\\/\",\"url\":\"https:\\\/\\\/www.contactsolutions.es\\\/blog\\\/wp-content\\\/uploads\\\/2022\\\/05\\\/logo-contact-blue.png\",\"contentUrl\":\"https:\\\/\\\/www.contactsolutions.es\\\/blog\\\/wp-content\\\/uploads\\\/2022\\\/05\\\/logo-contact-blue.png\",\"width\":121,\"height\":38,\"caption\":\"ContactSolutions - Call Center 24 Horas\"},\"image\":{\"@id\":\"https:\\\/\\\/www.contactsolutions.es\\\/blog\\\/#\\\/schema\\\/logo\\\/image\\\/\"}}]}<\/script>\n<!-- \/ Yoast SEO plugin. -->","yoast_head_json":{"title":"Inicio - ContactSolutions - Call Center 24 Horas","robots":{"index":"index","follow":"follow","max-snippet":"max-snippet:-1","max-image-preview":"max-image-preview:large","max-video-preview":"max-video-preview:-1"},"canonical":"https:\/\/www.contactsolutions.es\/blog\/","og_locale":"es_ES","og_type":"article","og_title":"Inicio - ContactSolutions - Call Center 24 Horas","og_description":"El Blog del Contact Center","og_url":"https:\/\/www.contactsolutions.es\/blog\/","og_site_name":"ContactSolutions - Call Center 24 Horas","article_modified_time":"2025-12-16T08:18:42+00:00","twitter_card":"summary_large_image","twitter_misc":{"Tiempo de lectura":"5 minutos"},"schema":{"@context":"https:\/\/schema.org","@graph":[{"@type":"WebPage","@id":"https:\/\/www.contactsolutions.es\/blog\/","url":"https:\/\/www.contactsolutions.es\/blog\/","name":"Inicio - ContactSolutions - Call Center 24 Horas","isPartOf":{"@id":"https:\/\/www.contactsolutions.es\/blog\/#website"},"datePublished":"2022-10-18T13:30:55+00:00","dateModified":"2025-12-16T08:18:42+00:00","breadcrumb":{"@id":"https:\/\/www.contactsolutions.es\/blog\/#breadcrumb"},"inLanguage":"es","potentialAction":[{"@type":"ReadAction","target":["https:\/\/www.contactsolutions.es\/blog\/"]}]},{"@type":"BreadcrumbList","@id":"https:\/\/www.contactsolutions.es\/blog\/#breadcrumb","itemListElement":[{"@type":"ListItem","position":1,"name":"Portada","item":"https:\/\/www.contactsolutions.es\/blog\/"},{"@type":"ListItem","position":2,"name":"Inicio"}]},{"@type":"WebSite","@id":"https:\/\/www.contactsolutions.es\/blog\/#website","url":"https:\/\/www.contactsolutions.es\/blog\/","name":"ContactSolutions - Call Center 24 Horas","description":"Call Center 24 Horas L\u00edderes en Calidad de Servicio y Precio","publisher":{"@id":"https:\/\/www.contactsolutions.es\/blog\/#organization"},"potentialAction":[{"@type":"SearchAction","target":{"@type":"EntryPoint","urlTemplate":"https:\/\/www.contactsolutions.es\/blog\/?s={search_term_string}"},"query-input":{"@type":"PropertyValueSpecification","valueRequired":true,"valueName":"search_term_string"}}],"inLanguage":"es"},{"@type":"Organization","@id":"https:\/\/www.contactsolutions.es\/blog\/#organization","name":"ContactSolutions - Call Center 24 Horas","url":"https:\/\/www.contactsolutions.es\/blog\/","logo":{"@type":"ImageObject","inLanguage":"es","@id":"https:\/\/www.contactsolutions.es\/blog\/#\/schema\/logo\/image\/","url":"https:\/\/www.contactsolutions.es\/blog\/wp-content\/uploads\/2022\/05\/logo-contact-blue.png","contentUrl":"https:\/\/www.contactsolutions.es\/blog\/wp-content\/uploads\/2022\/05\/logo-contact-blue.png","width":121,"height":38,"caption":"ContactSolutions - Call Center 24 Horas"},"image":{"@id":"https:\/\/www.contactsolutions.es\/blog\/#\/schema\/logo\/image\/"}}]}},"_links":{"self":[{"href":"https:\/\/www.contactsolutions.es\/blog\/wp-json\/wp\/v2\/pages\/11","targetHints":{"allow":["GET"]}}],"collection":[{"href":"https:\/\/www.contactsolutions.es\/blog\/wp-json\/wp\/v2\/pages"}],"about":[{"href":"https:\/\/www.contactsolutions.es\/blog\/wp-json\/wp\/v2\/types\/page"}],"author":[{"embeddable":true,"href":"https:\/\/www.contactsolutions.es\/blog\/wp-json\/wp\/v2\/users\/1"}],"replies":[{"embeddable":true,"href":"https:\/\/www.contactsolutions.es\/blog\/wp-json\/wp\/v2\/comments?post=11"}],"version-history":[{"count":38,"href":"https:\/\/www.contactsolutions.es\/blog\/wp-json\/wp\/v2\/pages\/11\/revisions"}],"predecessor-version":[{"id":735,"href":"https:\/\/www.contactsolutions.es\/blog\/wp-json\/wp\/v2\/pages\/11\/revisions\/735"}],"wp:attachment":[{"href":"https:\/\/www.contactsolutions.es\/blog\/wp-json\/wp\/v2\/media?parent=11"}],"curies":[{"name":"wp","href":"https:\/\/api.w.org\/{rel}","templated":true}]}}